{"id":474,"date":"2019-08-28T06:01:13","date_gmt":"2019-08-28T06:01:13","guid":{"rendered":"http:\/\/foerderverein-schullandheim-dobbrikow.eu\/?page_id=474"},"modified":"2019-11-07T19:14:45","modified_gmt":"2019-11-07T19:14:45","slug":"474-2","status":"publish","type":"page","link":"http:\/\/foerderverein-schullandheim-dobbrikow.eu\/?page_id=474","title":{"rendered":"DSGVO"},"content":{"rendered":"\r\n<h1 class=\"wp-block-heading\">\u00a0<\/h1>\r\n\r\n\r\n\r\n<h1 class=\"wp-block-heading\">Datenschutzerkl\u00e4rung<\/h1>\r\n\r\n\r\n\r\n<h2 class=\"wp-block-heading\" id=\"m14\">Einleitung<\/h2>\r\n\r\n\r\n\r\n<p>Mit der folgenden Datenschutzerkl\u00e4rung m\u00f6chten wir Sie dar\u00fcber aufkl\u00e4ren, welche Arten Ihrer personenbezogenen Daten (nachfolgend auch kurz als &#8222;Daten\u201c bezeichnet) wir zu welchen Zwecken und in welchem Umfang verarbeiten. Die Datenschutzerkl\u00e4rung gilt f\u00fcr alle von uns durchgef\u00fchrten Verarbeitungen personenbezogener Daten, sowohl im Rahmen der Erbringung unserer Leistungen als auch insbesondere auf unseren Webseiten, in mobilen Applikationen sowie innerhalb externer Onlinepr\u00e4senzen, wie z.B. unserer Social-Media-Profile (nachfolgend zusammenfassend bezeichnet als &#8222;Onlineangebot\u201c).<\/p>\r\n\r\n\r\n\r\n<p>Stand: 28. August 2019<\/p>\r\n\r\n\r\n\r\n<h2 class=\"wp-block-heading\" id=\"m3\">Verantwortlicher<\/h2>\r\n\r\n\r\n\r\n<p>F\u00f6rderverein Schullandheim Dobbrikow<br \/>Nettgendorfer. Str. 15<br \/>14947<br \/>Dobbrikow<\/p>\r\n\r\n\r\n\r\n<p><strong>Vertretungsberechtigte Personen<\/strong>: Frank Knospe<\/p>\r\n\r\n\r\n\r\n<p><strong>E-Mail-Adresse<\/strong>: info@foerderverein-schullandheim-dobbrikow.eu\/<\/p>\r\n\r\n\r\n\r\n<p><strong>Impressum<\/strong>: <a href=\"http:\/\/foerderverein-schullandheim-dobbrikow.eu\/?page_id=35\" target=\"_blank\" rel=\"noreferrer noopener\">http:\/\/foerderverein-schullandheim-dobbrikow.eu\/?page_id=35<\/a><\/p>\r\n\r\n\r\n\r\n<p>Die nachfolgende \u00dcbersicht fasst die Arten der verarbeiteten Daten und die Zwecke ihrer Verarbeitung zusammen und verweist auf die betroffenen Personen.<\/p>\r\n\r\n\r\n\r\n<p><strong>Arten der verarbeiteten Daten<\/strong><\/p>\r\n\r\n\r\n\r\n<ul class=\"wp-block-list\">\r\n<li>Bestandsdaten (z.B. Namen, Adressen).<\/li>\r\n<li>Inhaltsdaten (z.B. Texteingaben, Fotografien, Videos).<\/li>\r\n<li>Kontaktdaten (z.B. E-Mail, Telefonnummern).<\/li>\r\n<li>Meta-\/Kommunikationsdaten (z.B. Ger\u00e4te-Informationen, IP-Adressen).<\/li>\r\n<li>Nutzungsdaten (z.B. besuchte Webseiten, Interesse an Inhalten, Zugriffszeiten).<\/li>\r\n<li>Vertragsdaten (z.B. Vertragsgegenstand, Laufzeit, Kundenkategorie).<\/li>\r\n<li>Zahlungsdaten (z.B. Bankverbindungen, Rechnungen, Zahlungshistorie).<\/li>\r\n<\/ul>\r\n\r\n\r\n\r\n<p><strong>Kategorien betroffener Personen<\/strong><\/p>\r\n\r\n\r\n\r\n<ul class=\"wp-block-list\">\r\n<li>Gesch\u00e4fts- und Vertragspartner.<\/li>\r\n<li>Interessenten.<\/li>\r\n<li>Kommunikationspartner.<\/li>\r\n<li>Mitglieder.<\/li>\r\n<li>Nutzer (z.B. Webseitenbesucher, Nutzer von Onlinediensten).<\/li>\r\n<\/ul>\r\n\r\n\r\n\r\n<p><strong>Zwecke der Verarbeitung<\/strong><\/p>\r\n\r\n\r\n\r\n<ul class=\"wp-block-list\">\r\n<li>Bereitstellung unseres Onlineangebotes und Nutzerfreundlichkeit.<\/li>\r\n<li>Direktmarketing (z.B. per E-Mail oder postalisch).<\/li>\r\n<li>Interessenbasiertes und verhaltensbezogenes Marketing.<\/li>\r\n<li>Kontaktanfragen und Kommunikation.<\/li>\r\n<li>Profiling (Erstellen von Nutzerprofilen).<\/li>\r\n<li>Remarketing.<\/li>\r\n<li>Reichweitenmessung (z.B. Zugriffsstatistiken, Erkennung wiederkehrender Besucher).<\/li>\r\n<li>Tracking (z.B. interessens-\/verhaltensbezogenes Profiling, Nutzung von Cookies).<\/li>\r\n<li>Vertragliche Leistungen und Service.<\/li>\r\n<li>Verwaltung und Beantwortung von Anfragen.<\/li>\r\n<\/ul>\r\n\r\n\r\n\r\n<p><strong>Ma\u00dfgebliche Rechtsgrundlagen<\/strong><\/p>\r\n\r\n\r\n\r\n<p>Im Folgenden teilen wir die Rechtsgrundlagen der Datenschutzgrundverordnung (DSGVO), auf deren Basis wir die personenbezogenen Daten verarbeiten, mit. Bitte beachten Sie, dass zus\u00e4tzlich zu den Regelungen der DSGVO die nationalen Datenschutzvorgaben in Ihrem bzw. unserem Wohn- und Sitzland gelten k\u00f6nnen.<\/p>\r\n\r\n\r\n\r\n<ul class=\"wp-block-list\">\r\n<li><strong>Einwilligung (Art. 6 Abs. 1 S. 1 lit. a DSGVO)<\/strong> &#8211; Die betroffene Person hat ihre Einwilligung in die Verarbeitung der sie betreffenden personenbezogenen Daten f\u00fcr einen spezifischen Zweck oder mehrere bestimmte Zwecke gegeben.<\/li>\r\n<li><strong>Vertragserf\u00fcllung und vorvertragliche Anfragen (Art. 6 Abs. 1 S. 1 lit. b. DSGVO)<\/strong> &#8211; Die Verarbeitung ist f\u00fcr die Erf\u00fcllung eines Vertrags, dessen Vertragspartei die betroffene Person ist, oder zur Durchf\u00fchrung vorvertraglicher Ma\u00dfnahmen erforderlich, die auf Anfrage der betroffenen Person erfolgen.<\/li>\r\n<li><strong>Berechtigte Interessen (Art. 6 Abs. 1 S. 1 lit. f. DSGVO)<\/strong> &#8211; Die Verarbeitung ist zur Wahrung der berechtigten Interessen des Verantwortlichen oder eines Dritten erforderlich, sofern nicht die Interessen oder Grundrechte und Grundfreiheiten der betroffenen Person, die den Schutz personenbezogener Daten erfordern, \u00fcberwiegen.<\/li>\r\n<\/ul>\r\n\r\n\r\n\r\n<p><strong>Sicherheitsma\u00dfnahmen<\/strong><\/p>\r\n\r\n\r\n\r\n<p>Wir treffen nach Ma\u00dfgabe der gesetzlichen Vorgaben unter Ber\u00fccksichtigung des Stands der Technik, der Implementierungskosten und der Art, des Umfangs, der Umst\u00e4nde und der Zwecke der Verarbeitung sowie der unterschiedlichen Eintrittswahrscheinlichkeiten und des Ausma\u00dfes der Bedrohung der Rechte und Freiheiten nat\u00fcrlicher Personen geeignete technische und organisatorische Ma\u00dfnahmen, um ein dem Risiko angemessenes Schutzniveau zu gew\u00e4hrleisten.<\/p>\r\n\r\n\r\n\r\n<p>Zu den Ma\u00dfnahmen geh\u00f6ren insbesondere die Sicherung der Vertraulichkeit, Integrit\u00e4t und Verf\u00fcgbarkeit von Daten durch Kontrolle des physischen und elektronischen Zugangs zu den Daten als auch des sie betreffenden Zugriffs, der Eingabe, der Weitergabe, der Sicherung der Verf\u00fcgbarkeit und ihrer Trennung. Des Weiteren haben wir Verfahren eingerichtet, die eine Wahrnehmung von Betroffenenrechten, die L\u00f6schung von Daten und Reaktionen auf die Gef\u00e4hrdung der Daten gew\u00e4hrleisten. Ferner ber\u00fccksichtigen wir den Schutz personenbezogener Daten bereits bei der Entwicklung bzw. Auswahl von Hardware, Software sowie Verfahren entsprechend dem Prinzip des Datenschutzes, durch Technikgestaltung und durch datenschutzfreundliche Voreinstellungen.<\/p>\r\n\r\n\r\n\r\n<p><strong>\u00dcbermittlung und Offenbarung von personenbezogenen Daten<\/strong><\/p>\r\n\r\n\r\n\r\n<p>Im Rahmen unserer Verarbeitung von personenbezogenen Daten kommt es vor, dass die Daten an andere Stellen, Unternehmen, rechtlich selbstst\u00e4ndige Organisationseinheiten oder Personen \u00fcbermittelt oder sie ihnen gegen\u00fcber offengelegt werden. Zu den Empf\u00e4ngern dieser Daten k\u00f6nnen z.B. Zahlungsinstitute im Rahmen von Zahlungsvorg\u00e4ngen, mit IT-Aufgaben beauftragte Dienstleister oder Anbieter von Diensten und Inhalten, die in eine Webseite eingebunden werden, geh\u00f6ren. In solchen Fall beachten wir die gesetzlichen Vorgaben und schlie\u00dfen insbesondere entsprechende Vertr\u00e4ge bzw. Vereinbarungen, die dem Schutz Ihrer Daten dienen, mit den Empf\u00e4ngern Ihrer Daten ab.<\/p>\r\n\r\n\r\n\r\n<p><strong>Datenverarbeitung in Drittl\u00e4ndern<\/strong><\/p>\r\n\r\n\r\n\r\n<p>Sofern wir Daten in einem Drittland (d.h., au\u00dferhalb der Europ\u00e4ischen Union (EU), des Europ\u00e4ischen Wirtschaftsraums (EWR)) verarbeiten oder die Verarbeitung im Rahmen der Inanspruchnahme von Diensten Dritter oder der Offenlegung bzw. \u00dcbermittlung von Daten an andere Personen, Stellen oder Unternehmen stattfindet, erfolgt dies nur im Einklang mit den gesetzlichen Vorgaben.<\/p>\r\n\r\n\r\n\r\n<p>Vorbehaltlich ausdr\u00fccklicher Einwilligung oder vertraglich oder gesetzlich erforderlicher \u00dcbermittlung verarbeiten oder lassen wir die Daten nur in Drittl\u00e4ndern mit einem anerkannten Datenschutzniveau, zu denen die unter dem &#8222;Privacy-Shield&#8220; zertifizierten US-Verarbeiter geh\u00f6ren, oder auf Grundlage besonderer Garantien, wie z.B. vertraglicher Verpflichtung durch sogenannte Standardschutzklauseln der EU-Kommission, des Vorliegens von Zertifizierungen oder verbindlicher interner Datenschutzvorschriften, verarbeiten (Art. 44 bis 49 DSGVO, Informationsseite der EU-Kommission: <a href=\"https:\/\/ec.europa.eu\/info\/law\/law-topic\/data-protection\/international-dimension-data-protection_de\" target=\"_blank\" rel=\"noreferrer noopener\">https:\/\/ec.europa.eu\/info\/law\/law-topic\/data-protection\/international-dimension-data-protection_de<\/a> ).<\/p>\r\n\r\n\r\n\r\n<p><strong>Einsatz von Cookies<\/strong><\/p>\r\n\r\n\r\n\r\n<p>Als &#8222;Cookies\u201c werden kleine Dateien bezeichnet, die auf Ger\u00e4ten der Nutzer gespeichert werden. Mittels Cookies k\u00f6nnen unterschiedliche Angaben gespeichert werden. Zu den Angaben k\u00f6nnen z.B. die Spracheinstellungen auf einer Webseite, der Loginstatus, ein Warenkorb oder die Stelle, an der ein Video geschaut wurde, geh\u00f6ren.<\/p>\r\n\r\n\r\n\r\n<p>Cookies werden im Regelfall auch dann eingesetzt, wenn die Interessen eines Nutzers oder sein Verhalten (z.B. Betrachten bestimmter Inhalte, Nutzen von Funktionen etc.) auf einzelnen Webseiten in einem Nutzerprofil gespeichert werden. Solche Profile dienen dazu, den Nutzern z.B. Inhalte anzuzeigen, die ihren potentiellen Interessen entsprechen. Dieses Verfahren wird auch als &#8222;Tracking&#8220;, d.h., Nachverfolgung der potentiellen Interessen der Nutzer bezeichnet. Zu dem Begriff der Cookies z\u00e4hlen wir ferner andere Technologien, die die gleichen Funktionen wie Cookies erf\u00fcllen (z.B., wenn Angaben der Nutzer anhand pseudonymer Onlinekennzeichnungen gespeichert werden, auch als &#8222;Nutzer-IDs&#8220; bezeichnet).<\/p>\r\n\r\n\r\n\r\n<p>Soweit wir Cookies oder &#8222;Tracking&#8220;-Technologien einsetzen, informieren wir Sie gesondert in unserer Datenschutzerkl\u00e4rung.<\/p>\r\n\r\n\r\n\r\n<p><strong>Hinweise zu Rechtsgrundlagen: <\/strong>Auf welcher Rechtsgrundlage wir Ihre personenbezogenen Daten mit Hilfe von Cookies verarbeiten, h\u00e4ngt davon ab, ob wir Sie um eine Einwilligung bitten. Falls dies zutrifft und Sie in die Nutzung von Cookies einwilligen, ist die Rechtsgrundlage der Verarbeitung Ihrer Daten die erkl\u00e4rte Einwilligung. Andernfalls werden die mithilfe von Cookies verarbeiteten Daten auf Grundlage unserer berechtigten Interessen (z.B. an einem betriebswirtschaftlichen Betrieb unseres Onlineangebotes und dessen Verbesserung) verarbeitet oder, wenn der Einsatz von Cookies erforderlich ist, um unsere vertraglichen Verpflichtungen zu erf\u00fcllen.<\/p>\r\n\r\n\r\n\r\n<p><strong>Widerruf und Widerspruch (Opt-Out): <\/strong>Unabh\u00e4ngig davon, ob die Verarbeitung auf Grundlage einer Einwilligung oder gesetzlichen Erlaubnis erfolgt, haben Sie jederzeit die M\u00f6glichkeit, eine erteilte Einwilligung zu widerrufen oder der Verarbeitung Ihrer Daten durch Cookie-Technologien zu widersprechen (zusammenfassend als &#8222;Opt-Out&#8220; bezeichnet).<\/p>\r\n\r\n\r\n\r\n<p>Sie k\u00f6nnen Ihren Widerspruch zun\u00e4chst mittels der Einstellungen Ihres Browsers erkl\u00e4ren, z.B., indem Sie die Nutzung von Cookies deaktivieren (wobei hierdurch auch die Funktionsf\u00e4higkeit unseres Onlineangebotes eingeschr\u00e4nkt werden kann).<\/p>\r\n\r\n\r\n\r\n<p>Komplette DSGVO zum Download hier:<br \/><br \/><\/p>\r\n\r\n\r\n\r\n<div class=\"wp-block-file\"><a href=\"http:\/\/foerderverein-schullandheim-dobbrikow.eu\/wp-content\/uploads\/2019\/08\/Datenschutzerkl\u00e4rung.pdf\">Datenschutzerkl\u00e4rung<\/a><a class=\"wp-block-file__button\" href=\"http:\/\/foerderverein-schullandheim-dobbrikow.eu\/wp-content\/uploads\/2019\/08\/Datenschutzerkl\u00e4rung.pdf\" download=\"\">Herunterladen<\/a><\/div>\r\n","protected":false},"excerpt":{"rendered":"<p>\u00a0 Datenschutzerkl\u00e4rung Einleitung Mit der folgenden Datenschutzerkl\u00e4rung m\u00f6chten wir Sie dar\u00fcber aufkl\u00e4ren, welche Arten Ihrer personenbezogenen Daten (nachfolgend auch kurz als &#8222;Daten\u201c bezeichnet) wir zu&#8230;<\/p>\n<div class=\"more-link-wrapper\"><a class=\"more-link\" href=\"http:\/\/foerderverein-schullandheim-dobbrikow.eu\/?page_id=474\">Weiterlesen<span class=\"screen-reader-text\">DSGVO<\/span><\/a><\/div>\n","protected":false},"author":2,"featured_media":0,"parent":0,"menu_order":0,"comment_status":"closed","ping_status":"closed","template":"","meta":{"footnotes":""},"class_list":["post-474","page","type-page","status-publish","hentry","entry"],"_links":{"self":[{"href":"http:\/\/foerderverein-schullandheim-dobbrikow.eu\/index.php?rest_route=\/wp\/v2\/pages\/474","targetHints":{"allow":["GET"]}}],"collection":[{"href":"http:\/\/foerderverein-schullandheim-dobbrikow.eu\/index.php?rest_route=\/wp\/v2\/pages"}],"about":[{"href":"http:\/\/foerderverein-schullandheim-dobbrikow.eu\/index.php?rest_route=\/wp\/v2\/types\/page"}],"author":[{"embeddable":true,"href":"http:\/\/foerderverein-schullandheim-dobbrikow.eu\/index.php?rest_route=\/wp\/v2\/users\/2"}],"replies":[{"embeddable":true,"href":"http:\/\/foerderverein-schullandheim-dobbrikow.eu\/index.php?rest_route=%2Fwp%2Fv2%2Fcomments&post=474"}],"version-history":[{"count":8,"href":"http:\/\/foerderverein-schullandheim-dobbrikow.eu\/index.php?rest_route=\/wp\/v2\/pages\/474\/revisions"}],"predecessor-version":[{"id":716,"href":"http:\/\/foerderverein-schullandheim-dobbrikow.eu\/index.php?rest_route=\/wp\/v2\/pages\/474\/revisions\/716"}],"wp:attachment":[{"href":"http:\/\/foerderverein-schullandheim-dobbrikow.eu\/index.php?rest_route=%2Fwp%2Fv2%2Fmedia&parent=474"}],"curies":[{"name":"wp","href":"https:\/\/api.w.org\/{rel}","templated":true}]}}