{"id":195,"date":"2019-08-14T15:37:00","date_gmt":"2019-08-14T15:37:00","guid":{"rendered":"http:\/\/foerderverein-schullandheim-dobbrikow.eu\/?page_id=195"},"modified":"2019-11-07T01:42:39","modified_gmt":"2019-11-07T01:42:39","slug":"geschichte","status":"publish","type":"page","link":"http:\/\/foerderverein-schullandheim-dobbrikow.eu\/?page_id=195","title":{"rendered":"Haus am See"},"content":{"rendered":"\r\n<p>&nbsp;<\/p>\r\n\r\n\r\n\r\n<p style=\"text-align: center;\"><strong>Das \u201eDas Haus am See\u201c<\/strong><\/p>\r\n\r\n\r\n\r\n<p style=\"text-align: center;\">Seit mehr als 100 Jahren existiert das \u201eHaus am See\u201c in Dobbrikow. Fest verwoben mit der Historie des letzten Jahrhunderts, findet das Haus durch alle Epochen hindurch seine ganz eigene Geschichte.<\/p>\r\n\r\n\r\n\r\n<p style=\"text-align: center;\">Bis zum zweiten Weltkrieg verblieb das Geb\u00e4ude in privater Nutzung. Nach Kriegsende 1945 wurde es l\u00e4ngere Zeit ein neues zu Hause f\u00fcr vier Umsiedlerfamilien.<\/p>\r\n\r\n\r\n\r\n<p style=\"text-align: center;\">Ab 1955 wurde das Haus als Kinderheim genutzt.\u00a0 Den Weg zur Schule nach Hennickendorf mussten die Kinder laufen. Nur im Winter fuhr ein Planwagen. 1969 wurde das Kinderheim nach Trebbin verlegt.<\/p>\r\n\r\n\r\n\r\n<p style=\"text-align: center;\">Im Jahr 1970 erfolgte die Er\u00f6ffnung des Schullandheims. Der von 1973 bis 1989 amtierende Leiter Dieter Schmidt erwirkte mit Ideen und Mut ma\u00dfgebliche Ver\u00e4nderungen. Die Nutzung des Schullandheimes erfolgte jetzt ganzj\u00e4hrig. Mit dem Bau von 25 Bungalows entwickelte sich das Schullandheim auch zum Urlauberdominizil und wurde weit \u00fcber die Grenzen Brandenburgs hinaus bekannt und beliebt.<\/p>\r\n\r\n\r\n\r\n<p style=\"text-align: center;\">Nach der politischen Wende 1989 bleibt das \u201eHaus am See\u201c weiterhin als Schullandheim bestehen. Die Tr\u00e4gerschaft hat der Landkreis Teltow-Fl\u00e4ming \u00fcbernommen. Den Bereich der Bungalows ver\u00e4u\u00dferte der Landkreis an einen privaten Besitzer.<\/p>\r\n\r\n\r\n\r\n<p style=\"text-align: center;\">Als \u201eSchule im Gr\u00fcnen\u201c bietet das Haus derzeit Platz f\u00fcr 59 Kinder und vier Betreuer, die hier in unvergleichbarer WeiseNatur erleben. Auch in dieser Nutzung ist das Haus ganzj\u00e4hrig ausgebucht. Die Kinder erleben den Aufenthalt in der Natur mit Spiel, Spa\u00df, Abenteuer und zahlreiche interessante Ereignisse. Am Lagerfeuer klingt oft der Tag mit Gesang und Stockbrot in fr\u00f6hlicher Runde aus.<\/p>\r\n\r\n\r\n\r\n<div class=\"wp-block-image\">\r\n<figure class=\"aligncenter\"><img loading=\"lazy\" decoding=\"async\" width=\"768\" height=\"1024\" class=\"wp-image-436\" src=\"http:\/\/foerderverein-schullandheim-dobbrikow.eu\/wp-content\/uploads\/2019\/08\/index-2-768x1024.jpg\" alt=\"\" srcset=\"http:\/\/foerderverein-schullandheim-dobbrikow.eu\/wp-content\/uploads\/2019\/08\/index-2-768x1024.jpg 768w, http:\/\/foerderverein-schullandheim-dobbrikow.eu\/wp-content\/uploads\/2019\/08\/index-2-225x300.jpg 225w, http:\/\/foerderverein-schullandheim-dobbrikow.eu\/wp-content\/uploads\/2019\/08\/index-2-1024x1365.jpg 1024w, http:\/\/foerderverein-schullandheim-dobbrikow.eu\/wp-content\/uploads\/2019\/08\/index-2-810x1080.jpg 810w, http:\/\/foerderverein-schullandheim-dobbrikow.eu\/wp-content\/uploads\/2019\/08\/index-2.jpg 1200w\" sizes=\"auto, (max-width: 768px) 100vw, 768px\" \/><\/figure>\r\n<\/div>\r\n\r\n\r\n\r\n<p>&nbsp;<\/p>\r\n","protected":false},"excerpt":{"rendered":"<p>&nbsp; Das \u201eDas Haus am See\u201c Seit mehr als 100 Jahren existiert das \u201eHaus am See\u201c in Dobbrikow. Fest verwoben mit der Historie des letzten&#8230;<\/p>\n<div class=\"more-link-wrapper\"><a class=\"more-link\" href=\"http:\/\/foerderverein-schullandheim-dobbrikow.eu\/?page_id=195\">Weiterlesen<span class=\"screen-reader-text\">Haus am See<\/span><\/a><\/div>\n","protected":false},"author":1,"featured_media":0,"parent":0,"menu_order":0,"comment_status":"closed","ping_status":"closed","template":"","meta":{"footnotes":""},"class_list":["post-195","page","type-page","status-publish","hentry","entry"],"_links":{"self":[{"href":"http:\/\/foerderverein-schullandheim-dobbrikow.eu\/index.php?rest_route=\/wp\/v2\/pages\/195","targetHints":{"allow":["GET"]}}],"collection":[{"href":"http:\/\/foerderverein-schullandheim-dobbrikow.eu\/index.php?rest_route=\/wp\/v2\/pages"}],"about":[{"href":"http:\/\/foerderverein-schullandheim-dobbrikow.eu\/index.php?rest_route=\/wp\/v2\/types\/page"}],"author":[{"embeddable":true,"href":"http:\/\/foerderverein-schullandheim-dobbrikow.eu\/index.php?rest_route=\/wp\/v2\/users\/1"}],"replies":[{"embeddable":true,"href":"http:\/\/foerderverein-schullandheim-dobbrikow.eu\/index.php?rest_route=%2Fwp%2Fv2%2Fcomments&post=195"}],"version-history":[{"count":5,"href":"http:\/\/foerderverein-schullandheim-dobbrikow.eu\/index.php?rest_route=\/wp\/v2\/pages\/195\/revisions"}],"predecessor-version":[{"id":655,"href":"http:\/\/foerderverein-schullandheim-dobbrikow.eu\/index.php?rest_route=\/wp\/v2\/pages\/195\/revisions\/655"}],"wp:attachment":[{"href":"http:\/\/foerderverein-schullandheim-dobbrikow.eu\/index.php?rest_route=%2Fwp%2Fv2%2Fmedia&parent=195"}],"curies":[{"name":"wp","href":"https:\/\/api.w.org\/{rel}","templated":true}]}}