{"id":192,"date":"2019-08-14T15:35:08","date_gmt":"2019-08-14T15:35:08","guid":{"rendered":"http:\/\/foerderverein-schullandheim-dobbrikow.eu\/?page_id=192"},"modified":"2019-11-07T01:41:43","modified_gmt":"2019-11-07T01:41:43","slug":"aktivitaeten-des-vereins","status":"publish","type":"page","link":"http:\/\/foerderverein-schullandheim-dobbrikow.eu\/?page_id=192","title":{"rendered":"Aktivit\u00e4ten des Vereins"},"content":{"rendered":"\r\n<p style=\"text-align: center;\">Im Sinne der Ziel und Aufgabenstellung des F\u00f6rdervereins, das Schullandheim \u201eHaus am See\u201c als Schule im Gr\u00fcnen\u201c zu unterst\u00fctzen, organisiert der Verein regelm\u00e4\u00dfig Veranstaltungen sowohl mit kulturellen als auch umweltbildenden und erlebnisp\u00e4dagogischen Inhalten.<\/p>\r\n\r\n\r\n\r\n<p style=\"text-align: center;\">So ist es bereits eine Tradition geworden, dass alle zwei Jahre ein \u00f6ffentliches Sommerfest mit zahlreichen Attraktionen auf dem Gel\u00e4nde des Schullandheimes organisiert wird.<\/p>\r\n\r\n\r\n\r\n<p style=\"text-align: center;\">Ferner findet ebenfalls bereits traditionsgem\u00e4\u00df im November jeden Jahres ein Vorlesetag statt. Um den Geschichten- und M\u00e4rchenerz\u00e4hler scharren sich die Kinder und lauschen aufmerksam den vorgetragenen Abenteuern des Erz\u00e4hlenden.\u00a0 Anschlie\u00dfend k\u00f6nnen die Kinder und Erwachsenen den Abend bei Gegrilltem, Puffern u.a. sowie bei warmen Getr\u00e4nken ausklingen lassen.<\/p>\r\n\r\n\r\n\r\n<p style=\"text-align: center;\">\u00a0Der Vorleseabend ist f\u00fcr alle Kinder und ihre Begleitung eintrittsfrei.<\/p>\r\n\r\n\r\n\r\n<p style=\"text-align: center;\">Haben Sie Lust bekommen mitzumachen? Hier geht es zum Mitgliedsantrag.<\/p>\r\n\r\n\r\n\r\n<div class=\"wp-block-file\" style=\"text-align: center;\"><a href=\"http:\/\/foerderverein-schullandheim-dobbrikow.eu\/wp-content\/uploads\/2019\/08\/erkl\u00e4rung-zur-Mitgliedschaft.docx\">erkl\u00e4rung-zur-Mitgliedschaft<\/a><\/div>\r\n","protected":false},"excerpt":{"rendered":"<p>Im Sinne der Ziel und Aufgabenstellung des F\u00f6rdervereins, das Schullandheim \u201eHaus am See\u201c als Schule im Gr\u00fcnen\u201c zu unterst\u00fctzen, organisiert der Verein regelm\u00e4\u00dfig Veranstaltungen sowohl&#8230;<\/p>\n<div class=\"more-link-wrapper\"><a class=\"more-link\" href=\"http:\/\/foerderverein-schullandheim-dobbrikow.eu\/?page_id=192\">Weiterlesen<span class=\"screen-reader-text\">Aktivit\u00e4ten des Vereins<\/span><\/a><\/div>\n","protected":false},"author":1,"featured_media":0,"parent":0,"menu_order":0,"comment_status":"closed","ping_status":"closed","template":"","meta":{"footnotes":""},"class_list":["post-192","page","type-page","status-publish","hentry","entry"],"_links":{"self":[{"href":"http:\/\/foerderverein-schullandheim-dobbrikow.eu\/index.php?rest_route=\/wp\/v2\/pages\/192","targetHints":{"allow":["GET"]}}],"collection":[{"href":"http:\/\/foerderverein-schullandheim-dobbrikow.eu\/index.php?rest_route=\/wp\/v2\/pages"}],"about":[{"href":"http:\/\/foerderverein-schullandheim-dobbrikow.eu\/index.php?rest_route=\/wp\/v2\/types\/page"}],"author":[{"embeddable":true,"href":"http:\/\/foerderverein-schullandheim-dobbrikow.eu\/index.php?rest_route=\/wp\/v2\/users\/1"}],"replies":[{"embeddable":true,"href":"http:\/\/foerderverein-schullandheim-dobbrikow.eu\/index.php?rest_route=%2Fwp%2Fv2%2Fcomments&post=192"}],"version-history":[{"count":2,"href":"http:\/\/foerderverein-schullandheim-dobbrikow.eu\/index.php?rest_route=\/wp\/v2\/pages\/192\/revisions"}],"predecessor-version":[{"id":654,"href":"http:\/\/foerderverein-schullandheim-dobbrikow.eu\/index.php?rest_route=\/wp\/v2\/pages\/192\/revisions\/654"}],"wp:attachment":[{"href":"http:\/\/foerderverein-schullandheim-dobbrikow.eu\/index.php?rest_route=%2Fwp%2Fv2%2Fmedia&parent=192"}],"curies":[{"name":"wp","href":"https:\/\/api.w.org\/{rel}","templated":true}]}}