{"id":122,"date":"2019-08-14T13:40:26","date_gmt":"2019-08-14T13:40:26","guid":{"rendered":"http:\/\/foerderverein-schullandheim-dobbrikow.eu\/?page_id=122"},"modified":"2019-08-14T14:07:16","modified_gmt":"2019-08-14T14:07:16","slug":"nuetzliche-links","status":"publish","type":"page","link":"http:\/\/foerderverein-schullandheim-dobbrikow.eu\/?page_id=122","title":{"rendered":"N\u00fctzliche Links"},"content":{"rendered":"\n<p><a href=\"http:\/\/www.nuthe-urstromtal.de\/\" target=\"_blank\" rel=\"noreferrer noopener\">Gemeinde Nuthe-Urstromtal<\/a>\n<\/p>\n\n\n\n<p><a href=\"http:\/\/www.flaeming-therme.de\/\" target=\"_blank\" rel=\"noreferrer noopener\">Fl\u00e4ming-Therme Luckenwalde<\/a>\n<\/p>\n\n\n\n<p><a href=\"http:\/\/www.luckenwalde.de\/\" target=\"_blank\" rel=\"noreferrer noopener\">Stadt Luckenwalde<\/a>\n<\/p>\n\n\n\n<p><a href=\"http:\/\/www.flaeming-skate.de\/\" target=\"_blank\" rel=\"noreferrer noopener\">Flaeming-Skate<\/a>\n<\/p>\n\n\n\n<p><a href=\"http:\/\/www.museumsdorf-glashuette.de\/\" target=\"_blank\" rel=\"noreferrer noopener\">Museumsdorf Baruther Glash\u00fctte<\/a>\n<\/p>\n\n\n\n<p><a href=\"http:\/\/www.reiseregion-flaeming.de\/\" target=\"_blank\" rel=\"noreferrer noopener\">Tourismusverband Fl\u00e4ming e. V.<\/a>\n<\/p>\n\n\n\n<p><a href=\"http:\/\/www.vbb.de\/\" target=\"_blank\" rel=\"noreferrer noopener\">Verkehrsverbund Berlin-Brandenburg<\/a>\n<\/p>\n\n\n\n<p><a href=\"http:\/\/www.vtf-online.de\/\" target=\"_blank\" rel=\"noreferrer noopener\">Verkehrsgesellschaft Teltow-Fl\u00e4ming<\/a>\n<\/p>\n\n\n\n<p><a rel=\"noreferrer noopener\" href=\"http:\/\/www.teltow-flaeming.de\/\" target=\"_blank\">Landkreis Teltow-Fl\u00e4ming<\/a><\/p>\n\n\n\n<p><a href=\"https:\/\/www.naturpark-nuthe-nieplitz.de\/startseite\/\">https:\/\/www.naturpark-nuthe-nieplitz.de\/startseite\/<\/a><\/p>\n\n\n","protected":false},"excerpt":{"rendered":"<p>Gemeinde Nuthe-Urstromtal Fl\u00e4ming-Therme Luckenwalde Stadt Luckenwalde Flaeming-Skate Museumsdorf Baruther Glash\u00fctte Tourismusverband Fl\u00e4ming e. V. Verkehrsverbund Berlin-Brandenburg Verkehrsgesellschaft Teltow-Fl\u00e4ming Landkreis Teltow-Fl\u00e4ming https:\/\/www.naturpark-nuthe-nieplitz.de\/startseite\/<\/p>\n","protected":false},"author":1,"featured_media":0,"parent":0,"menu_order":0,"comment_status":"closed","ping_status":"closed","template":"","meta":{"footnotes":""},"class_list":["post-122","page","type-page","status-publish","hentry","entry"],"_links":{"self":[{"href":"http:\/\/foerderverein-schullandheim-dobbrikow.eu\/index.php?rest_route=\/wp\/v2\/pages\/122","targetHints":{"allow":["GET"]}}],"collection":[{"href":"http:\/\/foerderverein-schullandheim-dobbrikow.eu\/index.php?rest_route=\/wp\/v2\/pages"}],"about":[{"href":"http:\/\/foerderverein-schullandheim-dobbrikow.eu\/index.php?rest_route=\/wp\/v2\/types\/page"}],"author":[{"embeddable":true,"href":"http:\/\/foerderverein-schullandheim-dobbrikow.eu\/index.php?rest_route=\/wp\/v2\/users\/1"}],"replies":[{"embeddable":true,"href":"http:\/\/foerderverein-schullandheim-dobbrikow.eu\/index.php?rest_route=%2Fwp%2Fv2%2Fcomments&post=122"}],"version-history":[{"count":4,"href":"http:\/\/foerderverein-schullandheim-dobbrikow.eu\/index.php?rest_route=\/wp\/v2\/pages\/122\/revisions"}],"predecessor-version":[{"id":150,"href":"http:\/\/foerderverein-schullandheim-dobbrikow.eu\/index.php?rest_route=\/wp\/v2\/pages\/122\/revisions\/150"}],"wp:attachment":[{"href":"http:\/\/foerderverein-schullandheim-dobbrikow.eu\/index.php?rest_route=%2Fwp%2Fv2%2Fmedia&parent=122"}],"curies":[{"name":"wp","href":"https:\/\/api.w.org\/{rel}","templated":true}]}}